{"id":3551,"date":"2022-11-24T12:04:13","date_gmt":"2022-11-24T11:04:13","guid":{"rendered":"https:\/\/www.sital.it\/energy-storage\/"},"modified":"2024-04-24T10:37:11","modified_gmt":"2024-04-24T08:37:11","slug":"container-per-energy-storage-con-batterie-di-accumulo-bess","status":"publish","type":"page","link":"https:\/\/www.sital.it\/it\/container-per-energy-storage-con-batterie-di-accumulo-bess\/","title":{"rendered":"ENERGY STORAGE"},"content":{"rendered":"<p><div class=\"fusion-fullwidth fullwidth-box fusion-builder-row-1 fusion-flex-container has-pattern-background has-mask-background hundred-percent-fullwidth non-hundred-percent-height-scrolling\" style=\"--awb-border-radius-top-left:0px;--awb-border-radius-top-right:0px;--awb-border-radius-bottom-right:0px;--awb-border-radius-bottom-left:0px;--awb-background-color:var(--awb-color4);--awb-flex-wrap:wrap;\" ><div class=\"fusion-builder-row fusion-row fusion-flex-align-items-flex-start fusion-flex-content-wrap\" style=\"width:104% !important;max-width:104% !important;margin-left: calc(-4% \/ 2 );margin-right: calc(-4% \/ 2 );\"><div class=\"fusion-layout-column fusion_builder_column fusion-builder-column-0 fusion_builder_column_1_1 1_1 fusion-flex-column\" style=\"--awb-bg-size:cover;--awb-width-large:100%;--awb-margin-top-large:0px;--awb-spacing-right-large:1.92%;--awb-margin-bottom-large:0px;--awb-spacing-left-large:1.92%;--awb-width-medium:100%;--awb-order-medium:0;--awb-spacing-right-medium:1.92%;--awb-spacing-left-medium:1.92%;--awb-width-small:100%;--awb-order-small:0;--awb-spacing-right-small:1.92%;--awb-spacing-left-small:1.92%;\"><div class=\"fusion-column-wrapper fusion-column-has-shadow fusion-flex-justify-content-flex-start fusion-content-layout-column\"><div class=\"fusion-title title fusion-title-1 fusion-sep-none fusion-title-center fusion-title-text fusion-title-size-four\" style=\"--awb-text-color:var(--awb-color1);--awb-margin-top:1px;--awb-margin-bottom:1px;\"><h4 class=\"fusion-title-heading title-heading-center fusion-responsive-typography-calculated\" style=\"margin:0;--fontSize:24;--minFontSize:24;line-height:var(--awb-typography1-line-height);\">Caratteristiche principali<\/h4><\/div><\/div><\/div><\/div><\/div><div class=\"fusion-fullwidth fullwidth-box fusion-builder-row-2 fusion-flex-container has-pattern-background has-mask-background hundred-percent-fullwidth non-hundred-percent-height-scrolling\" style=\"--awb-border-radius-top-left:0px;--awb-border-radius-top-right:0px;--awb-border-radius-bottom-right:0px;--awb-border-radius-bottom-left:0px;--awb-padding-top:0px;--awb-padding-right:0px;--awb-padding-bottom:0px;--awb-padding-left:0px;--awb-margin-top:0px;--awb-margin-bottom:0px;--awb-flex-wrap:wrap;\" ><div class=\"fusion-builder-row fusion-row fusion-flex-align-items-stretch fusion-flex-content-wrap\" style=\"width:104% !important;max-width:104% !important;margin-left: calc(-4% \/ 2 );margin-right: calc(-4% \/ 2 );\"><div class=\"fusion-layout-column fusion_builder_column fusion-builder-column-1 fusion_builder_column_1_2 1_2 fusion-flex-column fusion-flex-align-self-stretch\" style=\"--awb-padding-top:40px;--awb-padding-right:10%;--awb-padding-left:10%;--awb-padding-bottom-small:15px;--awb-bg-size:cover;--awb-width-large:50%;--awb-margin-top-large:0px;--awb-spacing-right-large:0px;--awb-margin-bottom-large:0px;--awb-spacing-left-large:3.84%;--awb-width-medium:50%;--awb-order-medium:0;--awb-spacing-right-medium:0px;--awb-spacing-left-medium:3.84%;--awb-width-small:100%;--awb-order-small:1;--awb-spacing-right-small:1.92%;--awb-spacing-left-small:1.92%;\"><div class=\"fusion-column-wrapper fusion-column-has-shadow fusion-flex-justify-content-flex-start fusion-content-layout-column\"><div class=\"fusion-text fusion-text-1\"><p>Con la forte affermazione della produzione di energia rinnovabile, cresce la domanda da parte del mercato di container con la funzione di energy storage. Ossia di container destinati all\u2019alloggiamento batterie d\u2019accumulo al servizio della rete di distribuzione e degli impianti solari ed eolici.<\/p>\n<p>I container realizzati per l\u2019energy storage, possono essere dotati di tutti gli impianti ausiliari necessari, come:<\/p>\n<\/div><ul style=\"--awb-size:18px;--awb-iconcolor:var(--awb-color4);--awb-divider-color:var(--awb-color4);--awb-line-height:30.6px;--awb-icon-width:30.6px;--awb-icon-height:30.6px;--awb-icon-margin:12.6px;--awb-content-margin:43.2px;\" class=\"fusion-checklist fusion-checklist-1 fusion-checklist-default fusion-checklist-divider type-icons\"><li class=\"fusion-li-item\" style=\"\"><span class=\"icon-wrapper circle-no\"><i class=\"fusion-li-icon fa-greater-than fas\" aria-hidden=\"true\"><\/i><\/span><div class=\"fusion-li-item-content\">\n<p>Impianto di illuminazione e messa a terra<\/p>\n<\/div><\/li><li class=\"fusion-li-item\" style=\"\"><span class=\"icon-wrapper circle-no\"><i class=\"fusion-li-icon fa-greater-than fas\" aria-hidden=\"true\"><\/i><\/span><div class=\"fusion-li-item-content\">\n<p>Sistema di spegnimento incendio a sprinkler<\/p>\n<\/div><\/li><li class=\"fusion-li-item\" style=\"\"><span class=\"icon-wrapper circle-no\"><i class=\"fusion-li-icon fa-greater-than fas\" aria-hidden=\"true\"><\/i><\/span><div class=\"fusion-li-item-content\">\n<p>Sistema di condizionamento<\/p>\n<\/div><\/li><\/ul><\/div><\/div><div class=\"fusion-layout-column fusion_builder_column fusion-builder-column-2 fusion_builder_column_1_2 1_2 fusion-flex-column\" style=\"--awb-bg-color:#ffffff;--awb-bg-color-hover:#ffffff;--awb-bg-image:url(&#039;https:\/\/www.sital.it\/wp-content\/uploads\/2023\/03\/Containerized-lithium-batteries.jpg&#039;);--awb-bg-position:center center;--awb-bg-size:cover;--awb-width-large:50%;--awb-margin-top-large:0px;--awb-spacing-right-large:0px;--awb-margin-bottom-large:0px;--awb-spacing-left-large:0px;--awb-width-medium:50%;--awb-order-medium:0;--awb-spacing-right-medium:0px;--awb-spacing-left-medium:0px;--awb-width-small:100%;--awb-order-small:2;--awb-spacing-right-small:1.92%;--awb-spacing-left-small:1.92%;\"><div class=\"fusion-column-wrapper fusion-column-has-shadow fusion-flex-justify-content-center fusion-content-layout-column fusion-column-has-bg-image\" data-bg-url=\"https:\/\/www.sital.it\/wp-content\/uploads\/2023\/03\/Containerized-lithium-batteries.jpg\"><div class=\"fusion-separator fusion-no-small-visibility fusion-no-medium-visibility fusion-full-width-sep\" style=\"align-self: center;margin-left: auto;margin-right: auto;margin-top:9%;margin-bottom:50%;width:100%;\"><\/div><div class=\"fusion-separator fusion-no-large-visibility fusion-full-width-sep\" style=\"align-self: center;margin-left: auto;margin-right: auto;margin-top:10%;margin-bottom:50%;width:100%;\"><\/div><\/div><\/div><div class=\"fusion-layout-column fusion_builder_column fusion-builder-column-3 fusion_builder_column_1_2 1_2 fusion-flex-column\" style=\"--awb-bg-color:#ffffff;--awb-bg-color-hover:#ffffff;--awb-bg-image:url(&#039;https:\/\/www.sital.it\/wp-content\/uploads\/2023\/03\/Container-for-battery-storage.jpg&#039;);--awb-bg-position:center center;--awb-bg-size:cover;--awb-width-large:50%;--awb-margin-top-large:0px;--awb-spacing-right-large:0px;--awb-margin-bottom-large:0px;--awb-spacing-left-large:0px;--awb-width-medium:50%;--awb-order-medium:0;--awb-spacing-right-medium:0px;--awb-spacing-left-medium:0px;--awb-width-small:100%;--awb-order-small:4;--awb-spacing-right-small:1.92%;--awb-margin-bottom-small:20px;--awb-spacing-left-small:1.92%;\"><div class=\"fusion-column-wrapper fusion-column-has-shadow fusion-flex-justify-content-center fusion-content-layout-column fusion-column-has-bg-image\" data-bg-url=\"https:\/\/www.sital.it\/wp-content\/uploads\/2023\/03\/Container-for-battery-storage.jpg\"><div class=\"fusion-separator fusion-no-small-visibility fusion-no-medium-visibility fusion-full-width-sep\" style=\"align-self: center;margin-left: auto;margin-right: auto;margin-top:9%;margin-bottom:50%;width:100%;\"><\/div><div class=\"fusion-separator fusion-no-large-visibility fusion-full-width-sep\" style=\"align-self: center;margin-left: auto;margin-right: auto;margin-top:10%;margin-bottom:50%;width:100%;\"><\/div><\/div><\/div><div class=\"fusion-layout-column fusion_builder_column fusion-builder-column-4 fusion_builder_column_1_2 1_2 fusion-flex-column fusion-flex-align-self-stretch\" style=\"--awb-padding-top:40px;--awb-padding-right:10%;--awb-padding-left:10%;--awb-bg-size:cover;--awb-width-large:50%;--awb-margin-top-large:0px;--awb-spacing-right-large:0px;--awb-margin-bottom-large:0px;--awb-spacing-left-large:3.84%;--awb-width-medium:50%;--awb-order-medium:0;--awb-spacing-right-medium:0px;--awb-spacing-left-medium:3.84%;--awb-width-small:100%;--awb-order-small:3;--awb-spacing-right-small:1.92%;--awb-spacing-left-small:1.92%;\"><div class=\"fusion-column-wrapper fusion-column-has-shadow fusion-flex-justify-content-flex-start fusion-content-layout-column\"><div class=\"fusion-text fusion-text-2\"><p>\u00c8 assicurata la massima accessibilit\u00e0 ai rack batterie con un sistema di porte che pu\u00f2 arrivare a coprire l\u2019intera lunghezza dei container, su entrambi i lati.<\/p>\n<p>I container cos\u00ec realizzati possono essere certificati CSC, per essere impilati e trasportati via nave. Il certificato disponibile, consente che al di sopra dei container SITAL per storage batterie possano essere impilati fino ad un massimo di altri sette container.<\/p>\n<\/div><\/div><\/div><\/div><\/div><div class=\"fusion-fullwidth fullwidth-box fusion-builder-row-3 fusion-flex-container has-pattern-background has-mask-background fusion-parallax-none hundred-percent-fullwidth non-hundred-percent-height-scrolling fusion-no-small-visibility\" style=\"--awb-border-sizes-top:4px;--awb-border-sizes-bottom:4px;--awb-border-color:var(--awb-color4);--awb-border-radius-top-left:0px;--awb-border-radius-top-right:0px;--awb-border-radius-bottom-right:0px;--awb-border-radius-bottom-left:0px;--awb-padding-top:0px;--awb-padding-right:0px;--awb-padding-bottom:0px;--awb-padding-left:0px;--awb-background-color:var(--awb-color5);--awb-background-image:url(&quot;https:\/\/www.sital.it\/wp-content\/uploads\/2023\/03\/Container-for-batteries-storage-scaled.jpg&quot;);--awb-background-size:cover;--awb-flex-wrap:wrap;\" ><div class=\"fusion-builder-row fusion-row fusion-flex-align-items-flex-start fusion-flex-content-wrap\" style=\"width:104% !important;max-width:104% !important;margin-left: calc(-4% \/ 2 );margin-right: calc(-4% \/ 2 );\"><div class=\"fusion-layout-column fusion_builder_column fusion-builder-column-5 fusion_builder_column_1_1 1_1 fusion-flex-column\" style=\"--awb-bg-size:cover;--awb-width-large:100%;--awb-margin-top-large:0px;--awb-spacing-right-large:1.92%;--awb-margin-bottom-large:0px;--awb-spacing-left-large:1.92%;--awb-width-medium:100%;--awb-order-medium:0;--awb-spacing-right-medium:1.92%;--awb-spacing-left-medium:1.92%;--awb-width-small:100%;--awb-order-small:0;--awb-spacing-right-small:1.92%;--awb-spacing-left-small:1.92%;\"><div class=\"fusion-column-wrapper fusion-column-has-shadow fusion-flex-justify-content-flex-start fusion-content-layout-column\"><div class=\"fusion-separator fusion-no-small-visibility fusion-no-medium-visibility fusion-full-width-sep\" style=\"align-self: center;margin-left: auto;margin-right: auto;margin-top:3%;margin-bottom:6%;width:100%;\"><\/div><div class=\"fusion-separator fusion-no-large-visibility fusion-full-width-sep\" style=\"align-self: center;margin-left: auto;margin-right: auto;margin-top:1%;margin-bottom:2%;width:100%;\"><\/div><\/div><\/div><\/div><\/div><\/p>\n","protected":false},"excerpt":{"rendered":"","protected":false},"author":1,"featured_media":3120,"parent":0,"menu_order":0,"comment_status":"closed","ping_status":"closed","template":"100-width.php","meta":{"footnotes":""},"class_list":["post-3551","page","type-page","status-publish","has-post-thumbnail","hentry"],"yoast_head":"<!-- This site is optimized with the Yoast SEO plugin v21.9 - https:\/\/yoast.com\/wordpress\/plugins\/seo\/ -->\n<title>Container per energy storage con batterie di accumulo (BESS) - Sital SRL<\/title>\n<meta name=\"description\" content=\"Container per lo stoccaggio di energia - Container per alloggiamento di batterie al litio. A richiesta, completi di sistema di ausiliari.\" \/>\n<meta name=\"robots\" content=\"index, follow, max-snippet:-1, max-image-preview:large, max-video-preview:-1\" \/>\n<link rel=\"canonical\" href=\"https:\/\/www.sital.it\/it\/container-per-energy-storage-con-batterie-di-accumulo-bess\/\" \/>\n<meta property=\"og:locale\" content=\"it_IT\" \/>\n<meta property=\"og:type\" content=\"article\" \/>\n<meta property=\"og:title\" content=\"Container per energy storage con batterie di accumulo (BESS) - Sital SRL\" \/>\n<meta property=\"og:description\" content=\"Container per lo stoccaggio di energia - Container per alloggiamento di batterie al litio. A richiesta, completi di sistema di ausiliari.\" \/>\n<meta property=\"og:url\" content=\"https:\/\/www.sital.it\/it\/container-per-energy-storage-con-batterie-di-accumulo-bess\/\" \/>\n<meta property=\"og:site_name\" content=\"Sital SRL\" \/>\n<meta property=\"article:modified_time\" content=\"2024-04-24T08:37:11+00:00\" \/>\n<meta property=\"og:image\" content=\"https:\/\/www.sital.it\/wp-content\/uploads\/2023\/03\/Containerized-lithium-batteries.jpg\" \/>\n\t<meta property=\"og:image:width\" content=\"1280\" \/>\n\t<meta property=\"og:image:height\" content=\"783\" \/>\n\t<meta property=\"og:image:type\" content=\"image\/jpeg\" \/>\n<meta name=\"twitter:card\" content=\"summary_large_image\" \/>\n<meta name=\"twitter:label1\" content=\"Tempo di lettura stimato\" \/>\n\t<meta name=\"twitter:data1\" content=\"1 minuto\" \/>\n<script type=\"application\/ld+json\" class=\"yoast-schema-graph\">{\"@context\":\"https:\/\/schema.org\",\"@graph\":[{\"@type\":\"WebPage\",\"@id\":\"https:\/\/www.sital.it\/it\/container-per-energy-storage-con-batterie-di-accumulo-bess\/\",\"url\":\"https:\/\/www.sital.it\/it\/container-per-energy-storage-con-batterie-di-accumulo-bess\/\",\"name\":\"Container per energy storage con batterie di accumulo (BESS) - Sital SRL\",\"isPartOf\":{\"@id\":\"https:\/\/www.sital.it\/it\/#website\"},\"datePublished\":\"2022-11-24T11:04:13+00:00\",\"dateModified\":\"2024-04-24T08:37:11+00:00\",\"description\":\"Container per lo stoccaggio di energia - Container per alloggiamento di batterie al litio. A richiesta, completi di sistema di ausiliari.\",\"breadcrumb\":{\"@id\":\"https:\/\/www.sital.it\/it\/container-per-energy-storage-con-batterie-di-accumulo-bess\/#breadcrumb\"},\"inLanguage\":\"it-IT\",\"potentialAction\":[{\"@type\":\"ReadAction\",\"target\":[\"https:\/\/www.sital.it\/it\/container-per-energy-storage-con-batterie-di-accumulo-bess\/\"]}]},{\"@type\":\"BreadcrumbList\",\"@id\":\"https:\/\/www.sital.it\/it\/container-per-energy-storage-con-batterie-di-accumulo-bess\/#breadcrumb\",\"itemListElement\":[{\"@type\":\"ListItem\",\"position\":1,\"name\":\"Home\",\"item\":\"https:\/\/www.sital.it\/it\/\"},{\"@type\":\"ListItem\",\"position\":2,\"name\":\"ENERGY STORAGE\"}]},{\"@type\":\"WebSite\",\"@id\":\"https:\/\/www.sital.it\/it\/#website\",\"url\":\"https:\/\/www.sital.it\/it\/\",\"name\":\"Sital SRL\",\"description\":\"Containerized Solutions for Oil &amp; Gas and Power generation facilities\",\"publisher\":{\"@id\":\"https:\/\/www.sital.it\/it\/#organization\"},\"potentialAction\":[{\"@type\":\"SearchAction\",\"target\":{\"@type\":\"EntryPoint\",\"urlTemplate\":\"https:\/\/www.sital.it\/it\/?s={search_term_string}\"},\"query-input\":\"required name=search_term_string\"}],\"inLanguage\":\"it-IT\"},{\"@type\":\"Organization\",\"@id\":\"https:\/\/www.sital.it\/it\/#organization\",\"name\":\"Sital SRL\",\"url\":\"https:\/\/www.sital.it\/it\/\",\"logo\":{\"@type\":\"ImageObject\",\"inLanguage\":\"it-IT\",\"@id\":\"https:\/\/www.sital.it\/it\/#\/schema\/logo\/image\/\",\"url\":\"https:\/\/i0.wp.com\/www.sital.it\/wp-content\/uploads\/2022\/11\/Logo-Sital_colored_white_bg.png?fit=2773%2C771&ssl=1\",\"contentUrl\":\"https:\/\/i0.wp.com\/www.sital.it\/wp-content\/uploads\/2022\/11\/Logo-Sital_colored_white_bg.png?fit=2773%2C771&ssl=1\",\"width\":2773,\"height\":771,\"caption\":\"Sital SRL\"},\"image\":{\"@id\":\"https:\/\/www.sital.it\/it\/#\/schema\/logo\/image\/\"}}]}<\/script>\n<!-- \/ Yoast SEO plugin. -->","yoast_head_json":{"title":"Container per energy storage con batterie di accumulo (BESS) - Sital SRL","description":"Container per lo stoccaggio di energia - Container per alloggiamento di batterie al litio. A richiesta, completi di sistema di ausiliari.","robots":{"index":"index","follow":"follow","max-snippet":"max-snippet:-1","max-image-preview":"max-image-preview:large","max-video-preview":"max-video-preview:-1"},"canonical":"https:\/\/www.sital.it\/it\/container-per-energy-storage-con-batterie-di-accumulo-bess\/","og_locale":"it_IT","og_type":"article","og_title":"Container per energy storage con batterie di accumulo (BESS) - Sital SRL","og_description":"Container per lo stoccaggio di energia - Container per alloggiamento di batterie al litio. A richiesta, completi di sistema di ausiliari.","og_url":"https:\/\/www.sital.it\/it\/container-per-energy-storage-con-batterie-di-accumulo-bess\/","og_site_name":"Sital SRL","article_modified_time":"2024-04-24T08:37:11+00:00","og_image":[{"width":1280,"height":783,"url":"https:\/\/www.sital.it\/wp-content\/uploads\/2023\/03\/Containerized-lithium-batteries.jpg","type":"image\/jpeg"}],"twitter_card":"summary_large_image","twitter_misc":{"Tempo di lettura stimato":"1 minuto"},"schema":{"@context":"https:\/\/schema.org","@graph":[{"@type":"WebPage","@id":"https:\/\/www.sital.it\/it\/container-per-energy-storage-con-batterie-di-accumulo-bess\/","url":"https:\/\/www.sital.it\/it\/container-per-energy-storage-con-batterie-di-accumulo-bess\/","name":"Container per energy storage con batterie di accumulo (BESS) - Sital SRL","isPartOf":{"@id":"https:\/\/www.sital.it\/it\/#website"},"datePublished":"2022-11-24T11:04:13+00:00","dateModified":"2024-04-24T08:37:11+00:00","description":"Container per lo stoccaggio di energia - Container per alloggiamento di batterie al litio. A richiesta, completi di sistema di ausiliari.","breadcrumb":{"@id":"https:\/\/www.sital.it\/it\/container-per-energy-storage-con-batterie-di-accumulo-bess\/#breadcrumb"},"inLanguage":"it-IT","potentialAction":[{"@type":"ReadAction","target":["https:\/\/www.sital.it\/it\/container-per-energy-storage-con-batterie-di-accumulo-bess\/"]}]},{"@type":"BreadcrumbList","@id":"https:\/\/www.sital.it\/it\/container-per-energy-storage-con-batterie-di-accumulo-bess\/#breadcrumb","itemListElement":[{"@type":"ListItem","position":1,"name":"Home","item":"https:\/\/www.sital.it\/it\/"},{"@type":"ListItem","position":2,"name":"ENERGY STORAGE"}]},{"@type":"WebSite","@id":"https:\/\/www.sital.it\/it\/#website","url":"https:\/\/www.sital.it\/it\/","name":"Sital SRL","description":"Containerized Solutions for Oil &amp; Gas and Power generation facilities","publisher":{"@id":"https:\/\/www.sital.it\/it\/#organization"},"potentialAction":[{"@type":"SearchAction","target":{"@type":"EntryPoint","urlTemplate":"https:\/\/www.sital.it\/it\/?s={search_term_string}"},"query-input":"required name=search_term_string"}],"inLanguage":"it-IT"},{"@type":"Organization","@id":"https:\/\/www.sital.it\/it\/#organization","name":"Sital SRL","url":"https:\/\/www.sital.it\/it\/","logo":{"@type":"ImageObject","inLanguage":"it-IT","@id":"https:\/\/www.sital.it\/it\/#\/schema\/logo\/image\/","url":"https:\/\/i0.wp.com\/www.sital.it\/wp-content\/uploads\/2022\/11\/Logo-Sital_colored_white_bg.png?fit=2773%2C771&ssl=1","contentUrl":"https:\/\/i0.wp.com\/www.sital.it\/wp-content\/uploads\/2022\/11\/Logo-Sital_colored_white_bg.png?fit=2773%2C771&ssl=1","width":2773,"height":771,"caption":"Sital SRL"},"image":{"@id":"https:\/\/www.sital.it\/it\/#\/schema\/logo\/image\/"}}]}},"_links":{"self":[{"href":"https:\/\/www.sital.it\/it\/wp-json\/wp\/v2\/pages\/3551","targetHints":{"allow":["GET"]}}],"collection":[{"href":"https:\/\/www.sital.it\/it\/wp-json\/wp\/v2\/pages"}],"about":[{"href":"https:\/\/www.sital.it\/it\/wp-json\/wp\/v2\/types\/page"}],"author":[{"embeddable":true,"href":"https:\/\/www.sital.it\/it\/wp-json\/wp\/v2\/users\/1"}],"replies":[{"embeddable":true,"href":"https:\/\/www.sital.it\/it\/wp-json\/wp\/v2\/comments?post=3551"}],"version-history":[{"count":1,"href":"https:\/\/www.sital.it\/it\/wp-json\/wp\/v2\/pages\/3551\/revisions"}],"predecessor-version":[{"id":3936,"href":"https:\/\/www.sital.it\/it\/wp-json\/wp\/v2\/pages\/3551\/revisions\/3936"}],"wp:featuredmedia":[{"embeddable":true,"href":"https:\/\/www.sital.it\/it\/wp-json\/wp\/v2\/media\/3120"}],"wp:attachment":[{"href":"https:\/\/www.sital.it\/it\/wp-json\/wp\/v2\/media?parent=3551"}],"curies":[{"name":"wp","href":"https:\/\/api.w.org\/{rel}","templated":true}]}}